{"id":3837,"date":"2023-02-16T15:24:18","date_gmt":"2023-02-16T14:24:18","guid":{"rendered":"https:\/\/sitodelvalle.com\/?page_id=3837"},"modified":"2023-02-16T15:32:56","modified_gmt":"2023-02-16T14:32:56","slug":"declaracion-de-accesibilidad","status":"publish","type":"page","link":"https:\/\/sitodelvalle.com\/gl\/declaracion-de-accesibilidad\/","title":{"rendered":"Declaraci\u00f3n de accesibilidade"},"content":{"rendered":"<div data-elementor-type=\"wp-page\" data-elementor-id=\"3837\" class=\"elementor elementor-3837\">\n\t\t\t\t\t\t\t\t\t<section class=\"elementor-section elementor-top-section elementor-element elementor-element-051c414 elementor-section-boxed elementor-section-height-default elementor-section-height-default\" data-id=\"051c414\" data-element_type=\"section\">\n\t\t\t\t\t\t<div class=\"elementor-container elementor-column-gap-default\">\n\t\t\t\t\t<div class=\"elementor-column elementor-col-100 elementor-top-column elementor-element elementor-element-90f6cf1\" data-id=\"90f6cf1\" data-element_type=\"column\">\n\t\t\t<div class=\"elementor-widget-wrap elementor-element-populated\">\n\t\t\t\t\t\t\t\t<div class=\"elementor-element elementor-element-4f8945e elementor-widget elementor-widget-text-editor\" data-id=\"4f8945e\" data-element_type=\"widget\" data-widget_type=\"text-editor.default\">\n\t\t\t\t<div class=\"elementor-widget-container\">\n\t\t\t<style>\/*! elementor - v3.11.5 - 14-03-2023 *\/\n.elementor-widget-text-editor.elementor-drop-cap-view-stacked .elementor-drop-cap{background-color:#818a91;color:#fff}.elementor-widget-text-editor.elementor-drop-cap-view-framed .elementor-drop-cap{color:#818a91;border:3px solid;background-color:transparent}.elementor-widget-text-editor:not(.elementor-drop-cap-view-default) .elementor-drop-cap{margin-top:8px}.elementor-widget-text-editor:not(.elementor-drop-cap-view-default) .elementor-drop-cap-letter{width:1em;height:1em}.elementor-widget-text-editor .elementor-drop-cap{float:left;text-align:center;line-height:1;font-size:50px}.elementor-widget-text-editor .elementor-drop-cap-letter{display:inline-block}<\/style>\t\t\t\t<p><b>Sito del Valle<\/b> est\u00e1 empenhada en facer accesible o seu sitio est\u00e1 de acordo coa&nbsp;<a href=\"https:\/\/www.boe.es\/buscar\/act.php?id=BOE-A-2018-12699\" target=\"_blank\">Real Decreto 1112\/2018, 7 De Setembro<\/a>sobre accesibilidade dos sitios web e aplicaci\u00f3ns m\u00f3biles do sector p\u00fablico (en diante, o Real Decreto 1112\/2018, 7 de setembro).<\/p>\n<p>Esta declaraci\u00f3n de accesibilidade apl\u00edcase ao sitio web&nbsp;<a href=\"https:\/\/sitodelvalle.com\/gl\/\">https:\/\/sitodelvalle.com\/<\/a><\/p>\n<p><b>Estado de cumprimento<\/b><\/p>\n<p>Este sitio web \u00e9 <b>completamente satisfeito<\/b> co Real Decreto 1112\/2018, do 7 de setembro, debido \u00e1 falta de conformidade dos aspectos enumerados a continuaci\u00f3n.<\/p>\n<p><b>O contido non \u00e9 accesible<\/b><\/p>\n<p>Os contidos recollidos a continuaci\u00f3n non \u00e9 accesible para os seguintes:<\/p>\n<ol>\n<li><b>Falta de conformidade co Real Decreto 1112\/2018, 7 de setembro<\/b>: pode haber fallos lugar de edici\u00f3n de calquera p\u00e1xina web, tanto en contido e documentos HTML final publicado nunha data posterior ao 16 de febreiro, 2023 (data de entrada en vigor do Real Decreto 1112\/2018, 7 de setembro). Especificamente, pode haber erros na aqueles documentos que conte\u00f1en gr\u00e1ficos, t\u00e1boas complexas, ou en aqueles asinado electronicamente antes da s\u00faa revisi\u00f3n da accesibilidade.<\/li>\n<\/ol>\n<p><b>Preparaci\u00f3n do actual declaraci\u00f3n de accesibilidade<\/b><\/p>\n<p>Esta declaraci\u00f3n estaba preparado o 16 de febreiro de 2023.<\/p>\n<p>O m\u00e9todo utilizado para preparar a declaraci\u00f3n foi unha auto-avaliaci\u00f3n realizada por <b>GrupoiGAL<\/b>.<\/p>\n<p><b>Observaci\u00f3ns e informaci\u00f3n de contacto<\/b><\/p>\n<p>Pode realizar comunicaci\u00f3ns relativas aos requisitos de accesibilidade (artigo 10.2.(a) do Real Decreto 1112\/2018, 7 de setembro) como, por exemplo:<\/p>\n<ul>\n<li>Informe calquera posible fracaso por parte de este sitio web.<\/li>\n<li>Para transmitir outras dificultades de acceso ao contido.<\/li>\n<li>Ten algunha outra d\u00fabida ou suxesti\u00f3n de mellora sobre a accesibilidade do sitio web.<\/li>\n<\/ul>\n<p>A trav\u00e9s das seguintes v\u00edas:<\/p>\n<ul>\n<li>E-mail: Sitodelvalleformaci\u00f3n@gmail.com<\/li>\n<li>Tel\u00e9fono: 988 23 01 35 ou 630 06 22 20<\/li>\n<\/ul>\n<p><b>Procedemento de solicitude<\/b><\/p>\n<p>A trav\u00e9s deste procedemento pode comezar unha reclamaci\u00f3n, a fin de saber e de obxecto para a raz\u00f3ns para o rexeitamento dunha solicitude de informaci\u00f3n accesible ou reclamaci\u00f3n, para instar a adopci\u00f3n de medidas axeitadas en caso de non estar de acordo coa decisi\u00f3n, ou explicar as raz\u00f3ns polas que se considera que a resposta non cumprir os requisitos.<\/p>\n<p><b>Opcional contidos<\/b><\/p>\n<p>A versi\u00f3n actualmente visibles deste sitio web \u00e9 a de febreiro 2023 e en que data foi feita a revisi\u00f3n do nivel de accesibilidade en vigor naquel momento.<\/p>\n<p>Desde esa data, os comentarios son realizadas diariamente parcial do contido da web, novo ou modificado, ambos os modelos, tales como as p\u00e1xinas e final documentos publicados, co fin de garantir o cumprimento dos requisitos de accesibilidade da norma UNE-en 301549:2019, tendo en conta as excepci\u00f3ns do Real Decreto 1112\/2018, o 7 de setembro.<\/p>\n<p>Ademais, esta web \u00e9 revisado por GrupoiGAL, despois de ter feito a \u00faltima revisi\u00f3n en febreiro, 2023.<\/p>\n<p>Entre outros tomar as seguintes medidas para facilitar a accesibilidade:<\/p>\n<ul>\n<li>Uso de texto alternativo nas imaxes<\/li>\n<li>Enlaces ofrecen detalles da funci\u00f3n ou destino do hiperv\u00ednculo<\/li>\n<li>Uso de est\u00e1ndares W3C: XHTML 1.0, CSS 3.0, WAI AA.<\/li>\n<\/ul>\n<p>Se pode ver na p\u00e1xina&nbsp;<a href=\"https:\/\/sitodelvalle.com\/gl\/aviso-legal\/\" target=\"_blank\">Aviso Legal<\/a>&nbsp;o que navegadores e versi\u00f3ns son optimizados para este sitio web.<\/p>\n<p><\/p>\t\t\t\t\t\t<\/div>\n\t\t\t\t<\/div>\n\t\t\t\t\t<\/div>\n\t\t<\/div>\n\t\t\t\t\t\t\t<\/div>\n\t\t<\/section>\n\t\t\t\t\t\t\t<\/div>","protected":false},"excerpt":{"rendered":"<p>Sito del Valle se ha comprometido a hacer accesibles su sitio web de conformidad con el&nbsp;Real Decreto 1112\/2018, de 7 de septiembre, sobre accesibilidad de los sitios web y aplicaciones para dispositivos m\u00f3viles del sector p\u00fablico (en adelante, Real Decreto 1112\/2018, de 7 de septiembre). La presente declaraci\u00f3n de accesibilidad se aplica al sitio web&nbsp;https:\/\/sitodelvalle.com\/ [&hellip;]<\/p>","protected":false},"author":1,"featured_media":0,"parent":0,"menu_order":0,"comment_status":"closed","ping_status":"closed","template":"","meta":{"site-sidebar-layout":"no-sidebar","site-content-layout":"page-builder","ast-site-content-layout":"","site-content-style":"default","site-sidebar-style":"default","ast-global-header-display":"","ast-banner-title-visibility":"","ast-main-header-display":"","ast-hfb-above-header-display":"","ast-hfb-below-header-display":"","ast-hfb-mobile-header-display":"","site-post-title":"disabled","ast-breadcrumbs-content":"","ast-featured-img":"disabled","footer-sml-layout":"","theme-transparent-header-meta":"","adv-header-id-meta":"","stick-header-meta":"","header-above-stick-meta":"","header-main-stick-meta":"","header-below-stick-meta":"","astra-migrate-meta-layouts":"default","ast-page-background-enabled":"default","ast-page-background-meta":{"desktop":{"background-color":"var(--ast-global-color-4)","background-image":"","background-repeat":"repeat","background-position":"center center","background-size":"auto","background-attachment":"scroll","background-type":"","background-media":"","overlay-type":"","overlay-color":"","overlay-opacity":"","overlay-gradient":""},"tablet":{"background-color":"","background-image":"","background-repeat":"repeat","background-position":"center center","background-size":"auto","background-attachment":"scroll","background-type":"","background-media":"","overlay-type":"","overlay-color":"","overlay-opacity":"","overlay-gradient":""},"mobile":{"background-color":"","background-image":"","background-repeat":"repeat","background-position":"center center","background-size":"auto","background-attachment":"scroll","background-type":"","background-media":"","overlay-type":"","overlay-color":"","overlay-opacity":"","overlay-gradient":""}},"ast-content-background-meta":{"desktop":{"background-color":"var(--ast-global-color-5)","background-image":"","background-repeat":"repeat","background-position":"center center","background-size":"auto","background-attachment":"scroll","background-type":"","background-media":"","overlay-type":"","overlay-color":"","overlay-opacity":"","overlay-gradient":""},"tablet":{"background-color":"var(--ast-global-color-5)","background-image":"","background-repeat":"repeat","background-position":"center center","background-size":"auto","background-attachment":"scroll","background-type":"","background-media":"","overlay-type":"","overlay-color":"","overlay-opacity":"","overlay-gradient":""},"mobile":{"background-color":"var(--ast-global-color-5)","background-image":"","background-repeat":"repeat","background-position":"center center","background-size":"auto","background-attachment":"scroll","background-type":"","background-media":"","overlay-type":"","overlay-color":"","overlay-opacity":"","overlay-gradient":""}},"footnotes":""},"class_list":["post-3837","page","type-page","status-publish","hentry"],"yoast_head":"<!-- This site is optimized with the Yoast SEO plugin v24.7 - https:\/\/yoast.com\/wordpress\/plugins\/seo\/ -->\n<title>Declaraci\u00f3n de Accesibilidad - Sito Del Valle<\/title>\n<meta name=\"description\" content=\"Centro terap\u00e9utico y Escuela de Terapias Naturales Sito del Valle. Pasi\u00f3n y profesionalidad. %\" \/>\n<meta name=\"robots\" content=\"index, follow, max-snippet:-1, max-image-preview:large, max-video-preview:-1\" \/>\n<link rel=\"canonical\" href=\"https:\/\/sitodelvalle.com\/gl\/declaracion-de-accesibilidad\/\" \/>\n<meta property=\"og:locale\" content=\"gl_ES\" \/>\n<meta property=\"og:type\" content=\"article\" \/>\n<meta property=\"og:title\" content=\"Declaraci\u00f3n de Accesibilidad - Sito Del Valle\" \/>\n<meta property=\"og:description\" content=\"Centro terap\u00e9utico y Escuela de Terapias Naturales Sito del Valle. Pasi\u00f3n y profesionalidad. %\" \/>\n<meta property=\"og:url\" content=\"https:\/\/sitodelvalle.com\/gl\/declaracion-de-accesibilidad\/\" \/>\n<meta property=\"og:site_name\" content=\"Sito Del Valle\" \/>\n<meta property=\"article:modified_time\" content=\"2023-02-16T14:32:56+00:00\" \/>\n<meta name=\"twitter:card\" content=\"summary_large_image\" \/>\n<meta name=\"twitter:label1\" content=\"Tempo de lectura\" \/>\n\t<meta name=\"twitter:data1\" content=\"3 minutos\" \/>\n<script type=\"application\/ld+json\" class=\"yoast-schema-graph\">{\"@context\":\"https:\/\/schema.org\",\"@graph\":[{\"@type\":\"WebPage\",\"@id\":\"https:\/\/sitodelvalle.com\/declaracion-de-accesibilidad\/\",\"url\":\"https:\/\/sitodelvalle.com\/declaracion-de-accesibilidad\/\",\"name\":\"Declaraci\u00f3n de Accesibilidad - Sito Del Valle\",\"isPartOf\":{\"@id\":\"https:\/\/sitodelvalle.com\/#website\"},\"datePublished\":\"2023-02-16T14:24:18+00:00\",\"dateModified\":\"2023-02-16T14:32:56+00:00\",\"description\":\"Centro terap\u00e9utico y Escuela de Terapias Naturales Sito del Valle. Pasi\u00f3n y profesionalidad. %\",\"breadcrumb\":{\"@id\":\"https:\/\/sitodelvalle.com\/declaracion-de-accesibilidad\/#breadcrumb\"},\"inLanguage\":\"gl-ES\",\"potentialAction\":[{\"@type\":\"ReadAction\",\"target\":[\"https:\/\/sitodelvalle.com\/declaracion-de-accesibilidad\/\"]}]},{\"@type\":\"BreadcrumbList\",\"@id\":\"https:\/\/sitodelvalle.com\/declaracion-de-accesibilidad\/#breadcrumb\",\"itemListElement\":[{\"@type\":\"ListItem\",\"position\":1,\"name\":\"Portada\",\"item\":\"https:\/\/sitodelvalle.com\/\"},{\"@type\":\"ListItem\",\"position\":2,\"name\":\"Declaraci\u00f3n de Accesibilidad\"}]},{\"@type\":\"WebSite\",\"@id\":\"https:\/\/sitodelvalle.com\/#website\",\"url\":\"https:\/\/sitodelvalle.com\/\",\"name\":\"Sito Del Valle\",\"description\":\"Centro terap\u00e9utico y Escuela de Terapias Naturales Sito del Valle. Pasi\u00f3n y profesionalidad.\",\"publisher\":{\"@id\":\"https:\/\/sitodelvalle.com\/#organization\"},\"potentialAction\":[{\"@type\":\"SearchAction\",\"target\":{\"@type\":\"EntryPoint\",\"urlTemplate\":\"https:\/\/sitodelvalle.com\/?s={search_term_string}\"},\"query-input\":{\"@type\":\"PropertyValueSpecification\",\"valueRequired\":true,\"valueName\":\"search_term_string\"}}],\"inLanguage\":\"gl-ES\"},{\"@type\":\"Organization\",\"@id\":\"https:\/\/sitodelvalle.com\/#organization\",\"name\":\"Sito del Valle\",\"url\":\"https:\/\/sitodelvalle.com\/\",\"logo\":{\"@type\":\"ImageObject\",\"inLanguage\":\"gl-ES\",\"@id\":\"https:\/\/sitodelvalle.com\/#\/schema\/logo\/image\/\",\"url\":\"https:\/\/sitodelvalle.com\/wp-content\/uploads\/2022\/08\/cropped-logo-ancho.png\",\"contentUrl\":\"https:\/\/sitodelvalle.com\/wp-content\/uploads\/2022\/08\/cropped-logo-ancho.png\",\"width\":512,\"height\":512,\"caption\":\"Sito del Valle\"},\"image\":{\"@id\":\"https:\/\/sitodelvalle.com\/#\/schema\/logo\/image\/\"}}]}<\/script>\n<!-- \/ Yoast SEO plugin. -->","yoast_head_json":{"title":"Declaraci\u00f3n de Accesibilidad - Sito Del Valle","description":"Centro terap\u00e9utico y Escuela de Terapias Naturales Sito del Valle. Pasi\u00f3n y profesionalidad. %","robots":{"index":"index","follow":"follow","max-snippet":"max-snippet:-1","max-image-preview":"max-image-preview:large","max-video-preview":"max-video-preview:-1"},"canonical":"https:\/\/sitodelvalle.com\/gl\/declaracion-de-accesibilidad\/","og_locale":"gl_ES","og_type":"article","og_title":"Declaraci\u00f3n de Accesibilidad - Sito Del Valle","og_description":"Centro terap\u00e9utico y Escuela de Terapias Naturales Sito del Valle. Pasi\u00f3n y profesionalidad. %","og_url":"https:\/\/sitodelvalle.com\/gl\/declaracion-de-accesibilidad\/","og_site_name":"Sito Del Valle","article_modified_time":"2023-02-16T14:32:56+00:00","twitter_card":"summary_large_image","twitter_misc":{"Tempo de lectura":"3 minutos"},"schema":{"@context":"https:\/\/schema.org","@graph":[{"@type":"WebPage","@id":"https:\/\/sitodelvalle.com\/declaracion-de-accesibilidad\/","url":"https:\/\/sitodelvalle.com\/declaracion-de-accesibilidad\/","name":"Declaraci\u00f3n de Accesibilidad - Sito Del Valle","isPartOf":{"@id":"https:\/\/sitodelvalle.com\/#website"},"datePublished":"2023-02-16T14:24:18+00:00","dateModified":"2023-02-16T14:32:56+00:00","description":"Centro terap\u00e9utico y Escuela de Terapias Naturales Sito del Valle. Pasi\u00f3n y profesionalidad. %","breadcrumb":{"@id":"https:\/\/sitodelvalle.com\/declaracion-de-accesibilidad\/#breadcrumb"},"inLanguage":"gl-ES","potentialAction":[{"@type":"ReadAction","target":["https:\/\/sitodelvalle.com\/declaracion-de-accesibilidad\/"]}]},{"@type":"BreadcrumbList","@id":"https:\/\/sitodelvalle.com\/declaracion-de-accesibilidad\/#breadcrumb","itemListElement":[{"@type":"ListItem","position":1,"name":"Portada","item":"https:\/\/sitodelvalle.com\/"},{"@type":"ListItem","position":2,"name":"Declaraci\u00f3n de Accesibilidad"}]},{"@type":"WebSite","@id":"https:\/\/sitodelvalle.com\/#website","url":"https:\/\/sitodelvalle.com\/","name":"Sito Del Valle","description":"Centro terap\u00e9utico y Escuela de Terapias Naturales Sito del Valle. Pasi\u00f3n y profesionalidad.","publisher":{"@id":"https:\/\/sitodelvalle.com\/#organization"},"potentialAction":[{"@type":"SearchAction","target":{"@type":"EntryPoint","urlTemplate":"https:\/\/sitodelvalle.com\/?s={search_term_string}"},"query-input":{"@type":"PropertyValueSpecification","valueRequired":true,"valueName":"search_term_string"}}],"inLanguage":"gl-ES"},{"@type":"Organization","@id":"https:\/\/sitodelvalle.com\/#organization","name":"Sito del Valle","url":"https:\/\/sitodelvalle.com\/","logo":{"@type":"ImageObject","inLanguage":"gl-ES","@id":"https:\/\/sitodelvalle.com\/#\/schema\/logo\/image\/","url":"https:\/\/sitodelvalle.com\/wp-content\/uploads\/2022\/08\/cropped-logo-ancho.png","contentUrl":"https:\/\/sitodelvalle.com\/wp-content\/uploads\/2022\/08\/cropped-logo-ancho.png","width":512,"height":512,"caption":"Sito del Valle"},"image":{"@id":"https:\/\/sitodelvalle.com\/#\/schema\/logo\/image\/"}}]}},"_links":{"self":[{"href":"https:\/\/sitodelvalle.com\/gl\/wp-json\/wp\/v2\/pages\/3837","targetHints":{"allow":["GET"]}}],"collection":[{"href":"https:\/\/sitodelvalle.com\/gl\/wp-json\/wp\/v2\/pages"}],"about":[{"href":"https:\/\/sitodelvalle.com\/gl\/wp-json\/wp\/v2\/types\/page"}],"author":[{"embeddable":true,"href":"https:\/\/sitodelvalle.com\/gl\/wp-json\/wp\/v2\/users\/1"}],"replies":[{"embeddable":true,"href":"https:\/\/sitodelvalle.com\/gl\/wp-json\/wp\/v2\/comments?post=3837"}],"version-history":[{"count":4,"href":"https:\/\/sitodelvalle.com\/gl\/wp-json\/wp\/v2\/pages\/3837\/revisions"}],"predecessor-version":[{"id":3841,"href":"https:\/\/sitodelvalle.com\/gl\/wp-json\/wp\/v2\/pages\/3837\/revisions\/3841"}],"wp:attachment":[{"href":"https:\/\/sitodelvalle.com\/gl\/wp-json\/wp\/v2\/media?parent=3837"}],"curies":[{"name":"wp","href":"https:\/\/api.w.org\/{rel}","templated":true}]}}