{"id":3794,"date":"2022-12-02T15:38:47","date_gmt":"2022-12-02T14:38:47","guid":{"rendered":"https:\/\/sitodelvalle.com\/?page_id=3794"},"modified":"2022-12-02T15:55:55","modified_gmt":"2022-12-02T14:55:55","slug":"blog","status":"publish","type":"page","link":"https:\/\/sitodelvalle.com\/gl\/blog\/","title":{"rendered":"Blog"},"content":{"rendered":"<div data-elementor-type=\"wp-page\" data-elementor-id=\"3794\" class=\"elementor elementor-3794\">\n\t\t\t\t\t\t\t\t\t<section class=\"elementor-section elementor-top-section elementor-element elementor-element-3bfb0e5 elementor-section-boxed elementor-section-height-default elementor-section-height-default\" data-id=\"3bfb0e5\" data-element_type=\"section\">\n\t\t\t\t\t\t<div class=\"elementor-container elementor-column-gap-default\">\n\t\t\t\t\t<div class=\"elementor-column elementor-col-100 elementor-top-column elementor-element elementor-element-bc98ab2\" data-id=\"bc98ab2\" data-element_type=\"column\">\n\t\t\t<div class=\"elementor-widget-wrap elementor-element-populated\">\n\t\t\t\t\t\t\t\t<div class=\"elementor-element elementor-element-86ddbc8 elementor-widget elementor-widget-heading\" data-id=\"86ddbc8\" data-element_type=\"widget\" data-widget_type=\"heading.default\">\n\t\t\t\t<div class=\"elementor-widget-container\">\n\t\t\t<style>\/*! elementor - v3.11.5 - 14-03-2023 *\/\n.elementor-heading-title{padding:0;margin:0;line-height:1}.elementor-widget-heading .elementor-heading-title[class*=elementor-size-]>a{color:inherit;font-size:inherit;line-height:inherit}.elementor-widget-heading .elementor-heading-title.elementor-size-small{font-size:15px}.elementor-widget-heading .elementor-heading-title.elementor-size-medium{font-size:19px}.elementor-widget-heading .elementor-heading-title.elementor-size-large{font-size:29px}.elementor-widget-heading .elementor-heading-title.elementor-size-xl{font-size:39px}.elementor-widget-heading .elementor-heading-title.elementor-size-xxl{font-size:59px}<\/style><h1 class=\"elementor-heading-title elementor-size-default\">Blog e Noticias<\/h1>\t\t<\/div>\n\t\t\t\t<\/div>\n\t\t\t\t<div class=\"elementor-element elementor-element-41a8d76 elementor-widget-divider--view-line elementor-widget elementor-widget-divider\" data-id=\"41a8d76\" data-element_type=\"widget\" data-widget_type=\"divider.default\">\n\t\t\t\t<div class=\"elementor-widget-container\">\n\t\t\t<style>\/*! elementor - v3.11.5 - 14-03-2023 *\/\n.elementor-widget-divider{--divider-border-style:none;--divider-border-width:1px;--divider-color:#2c2c2c;--divider-icon-size:20px;--divider-element-spacing:10px;--divider-pattern-height:24px;--divider-pattern-size:20px;--divider-pattern-url:none;--divider-pattern-repeat:repeat-x}.elementor-widget-divider .elementor-divider{display:flex}.elementor-widget-divider .elementor-divider__text{font-size:15px;line-height:1;max-width:95%}.elementor-widget-divider .elementor-divider__element{margin:0 var(--divider-element-spacing);flex-shrink:0}.elementor-widget-divider .elementor-icon{font-size:var(--divider-icon-size)}.elementor-widget-divider .elementor-divider-separator{display:flex;margin:0;direction:ltr}.elementor-widget-divider--view-line_icon .elementor-divider-separator,.elementor-widget-divider--view-line_text .elementor-divider-separator{align-items:center}.elementor-widget-divider--view-line_icon .elementor-divider-separator:after,.elementor-widget-divider--view-line_icon .elementor-divider-separator:before,.elementor-widget-divider--view-line_text .elementor-divider-separator:after,.elementor-widget-divider--view-line_text .elementor-divider-separator:before{display:block;content:\"\";border-bottom:0;flex-grow:1;border-top:var(--divider-border-width) var(--divider-border-style) var(--divider-color)}.elementor-widget-divider--element-align-left .elementor-divider .elementor-divider-separator>.elementor-divider__svg:first-of-type{flex-grow:0;flex-shrink:100}.elementor-widget-divider--element-align-left .elementor-divider-separator:before{content:none}.elementor-widget-divider--element-align-left .elementor-divider__element{margin-left:0}.elementor-widget-divider--element-align-right .elementor-divider .elementor-divider-separator>.elementor-divider__svg:last-of-type{flex-grow:0;flex-shrink:100}.elementor-widget-divider--element-align-right .elementor-divider-separator:after{content:none}.elementor-widget-divider--element-align-right .elementor-divider__element{margin-right:0}.elementor-widget-divider:not(.elementor-widget-divider--view-line_text):not(.elementor-widget-divider--view-line_icon) .elementor-divider-separator{border-top:var(--divider-border-width) var(--divider-border-style) var(--divider-color)}.elementor-widget-divider--separator-type-pattern{--divider-border-style:none}.elementor-widget-divider--separator-type-pattern.elementor-widget-divider--view-line .elementor-divider-separator,.elementor-widget-divider--separator-type-pattern:not(.elementor-widget-divider--view-line) .elementor-divider-separator:after,.elementor-widget-divider--separator-type-pattern:not(.elementor-widget-divider--view-line) .elementor-divider-separator:before,.elementor-widget-divider--separator-type-pattern:not([class*=elementor-widget-divider--view]) .elementor-divider-separator{width:100%;min-height:var(--divider-pattern-height);-webkit-mask-size:var(--divider-pattern-size) 100%;mask-size:var(--divider-pattern-size) 100%;-webkit-mask-repeat:var(--divider-pattern-repeat);mask-repeat:var(--divider-pattern-repeat);background-color:var(--divider-color);-webkit-mask-image:var(--divider-pattern-url);mask-image:var(--divider-pattern-url)}.elementor-widget-divider--no-spacing{--divider-pattern-size:auto}.elementor-widget-divider--bg-round{--divider-pattern-repeat:round}.rtl .elementor-widget-divider .elementor-divider__text{direction:rtl}.e-con-inner>.elementor-widget-divider,.e-con>.elementor-widget-divider{width:var(--container-widget-width,100%);--flex-grow:var(--container-widget-flex-grow)}<\/style>\t\t<div class=\"elementor-divider\">\n\t\t\t<span class=\"elementor-divider-separator\">\n\t\t\t\t\t\t<\/span>\n\t\t<\/div>\n\t\t\t\t<\/div>\n\t\t\t\t<\/div>\n\t\t\t\t<div class=\"elementor-element elementor-element-4bb5669 elementor-widget elementor-widget-heading\" data-id=\"4bb5669\" data-element_type=\"widget\" data-widget_type=\"heading.default\">\n\t\t\t\t<div class=\"elementor-widget-container\">\n\t\t\t<h4 class=\"elementor-heading-title elementor-size-default\">A noticia na p\u00e1xina Web do Val<\/h4>\t\t<\/div>\n\t\t\t\t<\/div>\n\t\t\t\t\t<\/div>\n\t\t<\/div>\n\t\t\t\t\t\t\t<\/div>\n\t\t<\/section>\n\t\t\t\t<section class=\"elementor-section elementor-top-section elementor-element elementor-element-f5579d5 elementor-section-boxed elementor-section-height-default elementor-section-height-default\" data-id=\"f5579d5\" data-element_type=\"section\">\n\t\t\t\t\t\t<div class=\"elementor-container elementor-column-gap-default\">\n\t\t\t\t\t<div class=\"elementor-column elementor-col-100 elementor-top-column elementor-element elementor-element-efbd3c0\" data-id=\"efbd3c0\" data-element_type=\"column\">\n\t\t\t<div class=\"elementor-widget-wrap elementor-element-populated\">\n\t\t\t\t\t\t\t\t<div class=\"elementor-element elementor-element-bb08860 elementor-grid-2 elementor-grid-tablet-2 elementor-grid-mobile-1 elementor-posts--thumbnail-top elementor-card-shadow-yes elementor-posts__hover-gradient elementor-widget elementor-widget-posts\" data-id=\"bb08860\" data-element_type=\"widget\" data-settings=\"{&quot;cards_columns&quot;:&quot;2&quot;,&quot;cards_columns_tablet&quot;:&quot;2&quot;,&quot;cards_columns_mobile&quot;:&quot;1&quot;,&quot;cards_row_gap&quot;:{&quot;unit&quot;:&quot;px&quot;,&quot;size&quot;:35,&quot;sizes&quot;:[]},&quot;cards_row_gap_tablet&quot;:{&quot;unit&quot;:&quot;px&quot;,&quot;size&quot;:&quot;&quot;,&quot;sizes&quot;:[]},&quot;cards_row_gap_mobile&quot;:{&quot;unit&quot;:&quot;px&quot;,&quot;size&quot;:&quot;&quot;,&quot;sizes&quot;:[]}}\" data-widget_type=\"posts.cards\">\n\t\t\t\t<div class=\"elementor-widget-container\">\n\t\t\t<link rel=\"stylesheet\" href=\"https:\/\/sitodelvalle.com\/wp-content\/plugins\/elementor-pro\/assets\/css\/widget-posts.min.css\">\t\t<div class=\"elementor-posts-container elementor-posts elementor-posts--skin-cards elementor-grid\">\n\t\t\t\t<article class=\"elementor-post elementor-grid-item post-3820 post type-post status-publish format-standard has-post-thumbnail hentry category-sin-categoria\">\n\t\t\t<div class=\"elementor-post__card\">\n\t\t\t\t<a class=\"elementor-post__thumbnail__link\" href=\"https:\/\/sitodelvalle.com\/gl\/las-terapias-de-sito-del-vale\/\" ><div class=\"elementor-post__thumbnail\"><img decoding=\"async\" width=\"768\" height=\"768\" src=\"https:\/\/sitodelvalle.com\/wp-content\/uploads\/2022\/08\/quiromasaje-768x768.png\" class=\"attachment-medium_large size-medium_large wp-image-2488\" alt=\"\" srcset=\"https:\/\/sitodelvalle.com\/wp-content\/uploads\/2022\/08\/quiromasaje-768x768.png 768w, https:\/\/sitodelvalle.com\/wp-content\/uploads\/2022\/08\/quiromasaje-300x300.png 300w, https:\/\/sitodelvalle.com\/wp-content\/uploads\/2022\/08\/quiromasaje-150x150.png 150w, https:\/\/sitodelvalle.com\/wp-content\/uploads\/2022\/08\/quiromasaje.png 1000w\" sizes=\"(max-width: 768px) 100vw, 768px\" \/><\/div><\/a>\n\t\t\t\t<div class=\"elementor-post__text\">\n\t\t\t\t<h3 class=\"elementor-post__title\">\n\t\t\t<a href=\"https:\/\/sitodelvalle.com\/gl\/las-terapias-de-sito-del-vale\/\" >\n\t\t\t\tTerapias Sitio Web Pena\t\t\t<\/a>\n\t\t<\/h3>\n\t\t\t\t<div class=\"elementor-post__excerpt\">\n\t\t\t<p>No Centro Terap\u00e9utico sitio Web \u00e9 a Pena innovando para mellorar a calidade de vida dos nosos pacientes. Por esta raz\u00f3n, comezamos con unha Unidade de<\/p>\n\t\t<\/div>\n\t\t\n\t\t<a class=\"elementor-post__read-more\" href=\"https:\/\/sitodelvalle.com\/gl\/las-terapias-de-sito-del-vale\/\" >\n\t\t\tLer m\u00e1is &#034;\t\t<\/a>\n\n\t\t\t\t<\/div>\n\t\t\t\t<div class=\"elementor-post__meta-data\">\n\t\t\t\t\t<span class=\"elementor-post-date\">\n\t\t\t22 de outubro de 2022\t\t<\/span>\n\t\t\t\t<\/div>\n\t\t\t\t\t<\/div>\n\t\t<\/article>\n\t\t\t\t<article class=\"elementor-post elementor-grid-item post-3811 post type-post status-publish format-standard has-post-thumbnail hentry category-sin-categoria\">\n\t\t\t<div class=\"elementor-post__card\">\n\t\t\t\t<a class=\"elementor-post__thumbnail__link\" href=\"https:\/\/sitodelvalle.com\/gl\/bienvenidos-al-blog-de-sito-del-valle\/\" ><div class=\"elementor-post__thumbnail\"><img decoding=\"async\" width=\"768\" height=\"1024\" src=\"https:\/\/sitodelvalle.com\/wp-content\/uploads\/2022\/10\/sito20-768x1024.jpeg\" class=\"attachment-medium_large size-medium_large wp-image-3738\" alt=\"\" srcset=\"https:\/\/sitodelvalle.com\/wp-content\/uploads\/2022\/10\/sito20-768x1024.jpeg 768w, https:\/\/sitodelvalle.com\/wp-content\/uploads\/2022\/10\/sito20-225x300.jpeg 225w, https:\/\/sitodelvalle.com\/wp-content\/uploads\/2022\/10\/sito20-1152x1536.jpeg 1152w, https:\/\/sitodelvalle.com\/wp-content\/uploads\/2022\/10\/sito20.jpeg 1536w\" sizes=\"(max-width: 768px) 100vw, 768px\" \/><\/div><\/a>\n\t\t\t\t<div class=\"elementor-post__text\">\n\t\t\t\t<h3 class=\"elementor-post__title\">\n\t\t\t<a href=\"https:\/\/sitodelvalle.com\/gl\/bienvenidos-al-blog-de-sito-del-valle\/\" >\n\t\t\t\tBenvido ao Blog de o Val\t\t\t<\/a>\n\t\t<\/h3>\n\t\t\t\t<div class=\"elementor-post__excerpt\">\n\t\t\t<p>Benvido ao terapia Centro e a Escola de Terapias Naturais Web do Val. O noso equipo de fisioterapeutas son altamente adestrados est\u00e1n dispo\u00f1ibles para a s\u00faa asistencia. No<\/p>\n\t\t<\/div>\n\t\t\n\t\t<a class=\"elementor-post__read-more\" href=\"https:\/\/sitodelvalle.com\/gl\/bienvenidos-al-blog-de-sito-del-valle\/\" >\n\t\t\tLer m\u00e1is &#034;\t\t<\/a>\n\n\t\t\t\t<\/div>\n\t\t\t\t<div class=\"elementor-post__meta-data\">\n\t\t\t\t\t<span class=\"elementor-post-date\">\n\t\t\tO 12 de outubro de 2022\t\t<\/span>\n\t\t\t\t<\/div>\n\t\t\t\t\t<\/div>\n\t\t<\/article>\n\t\t\t\t<\/div>\n\n\n\t\t\n\t\t\t\t<\/div>\n\t\t\t\t<\/div>\n\t\t\t\t\t<\/div>\n\t\t<\/div>\n\t\t\t\t\t\t\t<\/div>\n\t\t<\/section>\n\t\t\t\t\t\t\t<\/div>","protected":false},"excerpt":{"rendered":"<p>Blog y Noticias Las noticias sobre Sito del Valle<\/p>","protected":false},"author":1,"featured_media":0,"parent":0,"menu_order":0,"comment_status":"closed","ping_status":"closed","template":"","meta":{"site-sidebar-layout":"no-sidebar","site-content-layout":"page-builder","ast-site-content-layout":"","site-content-style":"default","site-sidebar-style":"default","ast-global-header-display":"","ast-banner-title-visibility":"","ast-main-header-display":"","ast-hfb-above-header-display":"","ast-hfb-below-header-display":"","ast-hfb-mobile-header-display":"","site-post-title":"disabled","ast-breadcrumbs-content":"","ast-featured-img":"disabled","footer-sml-layout":"","theme-transparent-header-meta":"","adv-header-id-meta":"","stick-header-meta":"","header-above-stick-meta":"","header-main-stick-meta":"","header-below-stick-meta":"","astra-migrate-meta-layouts":"default","ast-page-background-enabled":"default","ast-page-background-meta":{"desktop":{"background-color":"var(--ast-global-color-4)","background-image":"","background-repeat":"repeat","background-position":"center center","background-size":"auto","background-attachment":"scroll","background-type":"","background-media":"","overlay-type":"","overlay-color":"","overlay-opacity":"","overlay-gradient":""},"tablet":{"background-color":"","background-image":"","background-repeat":"repeat","background-position":"center center","background-size":"auto","background-attachment":"scroll","background-type":"","background-media":"","overlay-type":"","overlay-color":"","overlay-opacity":"","overlay-gradient":""},"mobile":{"background-color":"","background-image":"","background-repeat":"repeat","background-position":"center center","background-size":"auto","background-attachment":"scroll","background-type":"","background-media":"","overlay-type":"","overlay-color":"","overlay-opacity":"","overlay-gradient":""}},"ast-content-background-meta":{"desktop":{"background-color":"var(--ast-global-color-5)","background-image":"","background-repeat":"repeat","background-position":"center center","background-size":"auto","background-attachment":"scroll","background-type":"","background-media":"","overlay-type":"","overlay-color":"","overlay-opacity":"","overlay-gradient":""},"tablet":{"background-color":"var(--ast-global-color-5)","background-image":"","background-repeat":"repeat","background-position":"center center","background-size":"auto","background-attachment":"scroll","background-type":"","background-media":"","overlay-type":"","overlay-color":"","overlay-opacity":"","overlay-gradient":""},"mobile":{"background-color":"var(--ast-global-color-5)","background-image":"","background-repeat":"repeat","background-position":"center center","background-size":"auto","background-attachment":"scroll","background-type":"","background-media":"","overlay-type":"","overlay-color":"","overlay-opacity":"","overlay-gradient":""}},"footnotes":""},"class_list":["post-3794","page","type-page","status-publish","hentry"],"yoast_head":"<!-- This site is optimized with the Yoast SEO plugin v24.7 - https:\/\/yoast.com\/wordpress\/plugins\/seo\/ -->\n<title>Blog - Sito Del Valle<\/title>\n<meta name=\"description\" content=\"Centro terap\u00e9utico y Escuela de Terapias Naturales Sito del Valle. Pasi\u00f3n y profesionalidad. %\" \/>\n<meta name=\"robots\" content=\"index, follow, max-snippet:-1, max-image-preview:large, max-video-preview:-1\" \/>\n<link rel=\"canonical\" href=\"https:\/\/sitodelvalle.com\/gl\/blog\/\" \/>\n<meta property=\"og:locale\" content=\"gl_ES\" \/>\n<meta property=\"og:type\" content=\"article\" \/>\n<meta property=\"og:title\" content=\"Blog - Sito Del Valle\" \/>\n<meta property=\"og:description\" content=\"Centro terap\u00e9utico y Escuela de Terapias Naturales Sito del Valle. Pasi\u00f3n y profesionalidad. %\" \/>\n<meta property=\"og:url\" content=\"https:\/\/sitodelvalle.com\/gl\/blog\/\" \/>\n<meta property=\"og:site_name\" content=\"Sito Del Valle\" \/>\n<meta property=\"article:modified_time\" content=\"2022-12-02T14:55:55+00:00\" \/>\n<meta name=\"twitter:card\" content=\"summary_large_image\" \/>\n<meta name=\"twitter:label1\" content=\"Tempo de lectura\" \/>\n\t<meta name=\"twitter:data1\" content=\"1 minuto\" \/>\n<script type=\"application\/ld+json\" class=\"yoast-schema-graph\">{\"@context\":\"https:\/\/schema.org\",\"@graph\":[{\"@type\":\"WebPage\",\"@id\":\"https:\/\/sitodelvalle.com\/blog\/\",\"url\":\"https:\/\/sitodelvalle.com\/blog\/\",\"name\":\"Blog - Sito Del Valle\",\"isPartOf\":{\"@id\":\"https:\/\/sitodelvalle.com\/#website\"},\"datePublished\":\"2022-12-02T14:38:47+00:00\",\"dateModified\":\"2022-12-02T14:55:55+00:00\",\"description\":\"Centro terap\u00e9utico y Escuela de Terapias Naturales Sito del Valle. Pasi\u00f3n y profesionalidad. %\",\"breadcrumb\":{\"@id\":\"https:\/\/sitodelvalle.com\/blog\/#breadcrumb\"},\"inLanguage\":\"gl-ES\",\"potentialAction\":[{\"@type\":\"ReadAction\",\"target\":[\"https:\/\/sitodelvalle.com\/blog\/\"]}]},{\"@type\":\"BreadcrumbList\",\"@id\":\"https:\/\/sitodelvalle.com\/blog\/#breadcrumb\",\"itemListElement\":[{\"@type\":\"ListItem\",\"position\":1,\"name\":\"Portada\",\"item\":\"https:\/\/sitodelvalle.com\/\"},{\"@type\":\"ListItem\",\"position\":2,\"name\":\"Blog\"}]},{\"@type\":\"WebSite\",\"@id\":\"https:\/\/sitodelvalle.com\/#website\",\"url\":\"https:\/\/sitodelvalle.com\/\",\"name\":\"Sito Del Valle\",\"description\":\"Centro terap\u00e9utico y Escuela de Terapias Naturales Sito del Valle. Pasi\u00f3n y profesionalidad.\",\"publisher\":{\"@id\":\"https:\/\/sitodelvalle.com\/#organization\"},\"potentialAction\":[{\"@type\":\"SearchAction\",\"target\":{\"@type\":\"EntryPoint\",\"urlTemplate\":\"https:\/\/sitodelvalle.com\/?s={search_term_string}\"},\"query-input\":{\"@type\":\"PropertyValueSpecification\",\"valueRequired\":true,\"valueName\":\"search_term_string\"}}],\"inLanguage\":\"gl-ES\"},{\"@type\":\"Organization\",\"@id\":\"https:\/\/sitodelvalle.com\/#organization\",\"name\":\"Sito del Valle\",\"url\":\"https:\/\/sitodelvalle.com\/\",\"logo\":{\"@type\":\"ImageObject\",\"inLanguage\":\"gl-ES\",\"@id\":\"https:\/\/sitodelvalle.com\/#\/schema\/logo\/image\/\",\"url\":\"https:\/\/sitodelvalle.com\/wp-content\/uploads\/2022\/08\/cropped-logo-ancho.png\",\"contentUrl\":\"https:\/\/sitodelvalle.com\/wp-content\/uploads\/2022\/08\/cropped-logo-ancho.png\",\"width\":512,\"height\":512,\"caption\":\"Sito del Valle\"},\"image\":{\"@id\":\"https:\/\/sitodelvalle.com\/#\/schema\/logo\/image\/\"}}]}<\/script>\n<!-- \/ Yoast SEO plugin. -->","yoast_head_json":{"title":"Blog - Sito Del Valle","description":"Centro terap\u00e9utico y Escuela de Terapias Naturales Sito del Valle. Pasi\u00f3n y profesionalidad. %","robots":{"index":"index","follow":"follow","max-snippet":"max-snippet:-1","max-image-preview":"max-image-preview:large","max-video-preview":"max-video-preview:-1"},"canonical":"https:\/\/sitodelvalle.com\/gl\/blog\/","og_locale":"gl_ES","og_type":"article","og_title":"Blog - Sito Del Valle","og_description":"Centro terap\u00e9utico y Escuela de Terapias Naturales Sito del Valle. Pasi\u00f3n y profesionalidad. %","og_url":"https:\/\/sitodelvalle.com\/gl\/blog\/","og_site_name":"Sito Del Valle","article_modified_time":"2022-12-02T14:55:55+00:00","twitter_card":"summary_large_image","twitter_misc":{"Tempo de lectura":"1 minuto"},"schema":{"@context":"https:\/\/schema.org","@graph":[{"@type":"WebPage","@id":"https:\/\/sitodelvalle.com\/blog\/","url":"https:\/\/sitodelvalle.com\/blog\/","name":"Blog - Sito Del Valle","isPartOf":{"@id":"https:\/\/sitodelvalle.com\/#website"},"datePublished":"2022-12-02T14:38:47+00:00","dateModified":"2022-12-02T14:55:55+00:00","description":"Centro terap\u00e9utico y Escuela de Terapias Naturales Sito del Valle. Pasi\u00f3n y profesionalidad. %","breadcrumb":{"@id":"https:\/\/sitodelvalle.com\/blog\/#breadcrumb"},"inLanguage":"gl-ES","potentialAction":[{"@type":"ReadAction","target":["https:\/\/sitodelvalle.com\/blog\/"]}]},{"@type":"BreadcrumbList","@id":"https:\/\/sitodelvalle.com\/blog\/#breadcrumb","itemListElement":[{"@type":"ListItem","position":1,"name":"Portada","item":"https:\/\/sitodelvalle.com\/"},{"@type":"ListItem","position":2,"name":"Blog"}]},{"@type":"WebSite","@id":"https:\/\/sitodelvalle.com\/#website","url":"https:\/\/sitodelvalle.com\/","name":"Sito Del Valle","description":"Centro terap\u00e9utico y Escuela de Terapias Naturales Sito del Valle. Pasi\u00f3n y profesionalidad.","publisher":{"@id":"https:\/\/sitodelvalle.com\/#organization"},"potentialAction":[{"@type":"SearchAction","target":{"@type":"EntryPoint","urlTemplate":"https:\/\/sitodelvalle.com\/?s={search_term_string}"},"query-input":{"@type":"PropertyValueSpecification","valueRequired":true,"valueName":"search_term_string"}}],"inLanguage":"gl-ES"},{"@type":"Organization","@id":"https:\/\/sitodelvalle.com\/#organization","name":"Sito del Valle","url":"https:\/\/sitodelvalle.com\/","logo":{"@type":"ImageObject","inLanguage":"gl-ES","@id":"https:\/\/sitodelvalle.com\/#\/schema\/logo\/image\/","url":"https:\/\/sitodelvalle.com\/wp-content\/uploads\/2022\/08\/cropped-logo-ancho.png","contentUrl":"https:\/\/sitodelvalle.com\/wp-content\/uploads\/2022\/08\/cropped-logo-ancho.png","width":512,"height":512,"caption":"Sito del Valle"},"image":{"@id":"https:\/\/sitodelvalle.com\/#\/schema\/logo\/image\/"}}]}},"_links":{"self":[{"href":"https:\/\/sitodelvalle.com\/gl\/wp-json\/wp\/v2\/pages\/3794","targetHints":{"allow":["GET"]}}],"collection":[{"href":"https:\/\/sitodelvalle.com\/gl\/wp-json\/wp\/v2\/pages"}],"about":[{"href":"https:\/\/sitodelvalle.com\/gl\/wp-json\/wp\/v2\/types\/page"}],"author":[{"embeddable":true,"href":"https:\/\/sitodelvalle.com\/gl\/wp-json\/wp\/v2\/users\/1"}],"replies":[{"embeddable":true,"href":"https:\/\/sitodelvalle.com\/gl\/wp-json\/wp\/v2\/comments?post=3794"}],"version-history":[{"count":25,"href":"https:\/\/sitodelvalle.com\/gl\/wp-json\/wp\/v2\/pages\/3794\/revisions"}],"predecessor-version":[{"id":3826,"href":"https:\/\/sitodelvalle.com\/gl\/wp-json\/wp\/v2\/pages\/3794\/revisions\/3826"}],"wp:attachment":[{"href":"https:\/\/sitodelvalle.com\/gl\/wp-json\/wp\/v2\/media?parent=3794"}],"curies":[{"name":"wp","href":"https:\/\/api.w.org\/{rel}","templated":true}]}}