{"id":1145,"date":"2022-08-22T10:39:02","date_gmt":"2022-08-22T10:39:02","guid":{"rendered":"https:\/\/sitodelvalle.com\/?page_id=1145"},"modified":"2022-09-13T07:17:38","modified_gmt":"2022-09-13T07:17:38","slug":"masaje-lomi-lomi","status":"publish","type":"page","link":"https:\/\/sitodelvalle.com\/gl\/cursos\/masaje-lomi-lomi\/","title":{"rendered":"Masaxe Lomi-Lomi"},"content":{"rendered":"<div data-elementor-type=\"wp-page\" data-elementor-id=\"1145\" class=\"elementor elementor-1145\">\n\t\t\t\t\t\t\t\t\t<section class=\"elementor-section elementor-top-section elementor-element elementor-element-480d525 elementor-section-boxed elementor-section-height-default elementor-section-height-default\" data-id=\"480d525\" data-element_type=\"section\">\n\t\t\t\t\t\t<div class=\"elementor-container elementor-column-gap-default\">\n\t\t\t\t\t<div class=\"elementor-column elementor-col-100 elementor-top-column elementor-element elementor-element-5cbefa4\" data-id=\"5cbefa4\" data-element_type=\"column\">\n\t\t\t<div class=\"elementor-widget-wrap elementor-element-populated\">\n\t\t\t\t\t\t\t\t<div class=\"elementor-element elementor-element-d92c339 elementor-widget elementor-widget-spacer\" data-id=\"d92c339\" data-element_type=\"widget\" data-widget_type=\"spacer.default\">\n\t\t\t\t<div class=\"elementor-widget-container\">\n\t\t\t<style>\/*! elementor - v3.11.5 - 14-03-2023 *\/\n.elementor-column .elementor-spacer-inner{height:var(--spacer-size)}.e-con{--container-widget-width:100%}.e-con-inner>.elementor-widget-spacer,.e-con>.elementor-widget-spacer{width:var(--container-widget-width,var(--spacer-size));--align-self:var(--container-widget-align-self,initial);--flex-shrink:0}.e-con-inner>.elementor-widget-spacer>.elementor-widget-container,.e-con-inner>.elementor-widget-spacer>.elementor-widget-container>.elementor-spacer,.e-con>.elementor-widget-spacer>.elementor-widget-container,.e-con>.elementor-widget-spacer>.elementor-widget-container>.elementor-spacer{height:100%}.e-con-inner>.elementor-widget-spacer>.elementor-widget-container>.elementor-spacer>.elementor-spacer-inner,.e-con>.elementor-widget-spacer>.elementor-widget-container>.elementor-spacer>.elementor-spacer-inner{height:var(--container-widget-height,var(--spacer-size))}<\/style>\t\t<div class=\"elementor-spacer\">\n\t\t\t<div class=\"elementor-spacer-inner\"><\/div>\n\t\t<\/div>\n\t\t\t\t<\/div>\n\t\t\t\t<\/div>\n\t\t\t\t<div class=\"elementor-element elementor-element-d30502a elementor-widget elementor-widget-heading\" data-id=\"d30502a\" data-element_type=\"widget\" data-widget_type=\"heading.default\">\n\t\t\t\t<div class=\"elementor-widget-container\">\n\t\t\t<style>\/*! elementor - v3.11.5 - 14-03-2023 *\/\n.elementor-heading-title{padding:0;margin:0;line-height:1}.elementor-widget-heading .elementor-heading-title[class*=elementor-size-]>a{color:inherit;font-size:inherit;line-height:inherit}.elementor-widget-heading .elementor-heading-title.elementor-size-small{font-size:15px}.elementor-widget-heading .elementor-heading-title.elementor-size-medium{font-size:19px}.elementor-widget-heading .elementor-heading-title.elementor-size-large{font-size:29px}.elementor-widget-heading .elementor-heading-title.elementor-size-xl{font-size:39px}.elementor-widget-heading .elementor-heading-title.elementor-size-xxl{font-size:59px}<\/style><h2 class=\"elementor-heading-title elementor-size-default\">MASAXE LOMI-LOMI ( 32 H)<\/h2>\t\t<\/div>\n\t\t\t\t<\/div>\n\t\t\t\t<div class=\"elementor-element elementor-element-c292099 elementor-widget-divider--view-line elementor-widget elementor-widget-divider\" data-id=\"c292099\" data-element_type=\"widget\" data-widget_type=\"divider.default\">\n\t\t\t\t<div class=\"elementor-widget-container\">\n\t\t\t<style>\/*! elementor - v3.11.5 - 14-03-2023 *\/\n.elementor-widget-divider{--divider-border-style:none;--divider-border-width:1px;--divider-color:#2c2c2c;--divider-icon-size:20px;--divider-element-spacing:10px;--divider-pattern-height:24px;--divider-pattern-size:20px;--divider-pattern-url:none;--divider-pattern-repeat:repeat-x}.elementor-widget-divider .elementor-divider{display:flex}.elementor-widget-divider .elementor-divider__text{font-size:15px;line-height:1;max-width:95%}.elementor-widget-divider .elementor-divider__element{margin:0 var(--divider-element-spacing);flex-shrink:0}.elementor-widget-divider .elementor-icon{font-size:var(--divider-icon-size)}.elementor-widget-divider .elementor-divider-separator{display:flex;margin:0;direction:ltr}.elementor-widget-divider--view-line_icon .elementor-divider-separator,.elementor-widget-divider--view-line_text .elementor-divider-separator{align-items:center}.elementor-widget-divider--view-line_icon .elementor-divider-separator:after,.elementor-widget-divider--view-line_icon .elementor-divider-separator:before,.elementor-widget-divider--view-line_text .elementor-divider-separator:after,.elementor-widget-divider--view-line_text .elementor-divider-separator:before{display:block;content:\"\";border-bottom:0;flex-grow:1;border-top:var(--divider-border-width) var(--divider-border-style) var(--divider-color)}.elementor-widget-divider--element-align-left .elementor-divider .elementor-divider-separator>.elementor-divider__svg:first-of-type{flex-grow:0;flex-shrink:100}.elementor-widget-divider--element-align-left .elementor-divider-separator:before{content:none}.elementor-widget-divider--element-align-left .elementor-divider__element{margin-left:0}.elementor-widget-divider--element-align-right .elementor-divider .elementor-divider-separator>.elementor-divider__svg:last-of-type{flex-grow:0;flex-shrink:100}.elementor-widget-divider--element-align-right .elementor-divider-separator:after{content:none}.elementor-widget-divider--element-align-right .elementor-divider__element{margin-right:0}.elementor-widget-divider:not(.elementor-widget-divider--view-line_text):not(.elementor-widget-divider--view-line_icon) .elementor-divider-separator{border-top:var(--divider-border-width) var(--divider-border-style) var(--divider-color)}.elementor-widget-divider--separator-type-pattern{--divider-border-style:none}.elementor-widget-divider--separator-type-pattern.elementor-widget-divider--view-line .elementor-divider-separator,.elementor-widget-divider--separator-type-pattern:not(.elementor-widget-divider--view-line) .elementor-divider-separator:after,.elementor-widget-divider--separator-type-pattern:not(.elementor-widget-divider--view-line) .elementor-divider-separator:before,.elementor-widget-divider--separator-type-pattern:not([class*=elementor-widget-divider--view]) .elementor-divider-separator{width:100%;min-height:var(--divider-pattern-height);-webkit-mask-size:var(--divider-pattern-size) 100%;mask-size:var(--divider-pattern-size) 100%;-webkit-mask-repeat:var(--divider-pattern-repeat);mask-repeat:var(--divider-pattern-repeat);background-color:var(--divider-color);-webkit-mask-image:var(--divider-pattern-url);mask-image:var(--divider-pattern-url)}.elementor-widget-divider--no-spacing{--divider-pattern-size:auto}.elementor-widget-divider--bg-round{--divider-pattern-repeat:round}.rtl .elementor-widget-divider .elementor-divider__text{direction:rtl}.e-con-inner>.elementor-widget-divider,.e-con>.elementor-widget-divider{width:var(--container-widget-width,100%);--flex-grow:var(--container-widget-flex-grow)}<\/style>\t\t<div class=\"elementor-divider\">\n\t\t\t<span class=\"elementor-divider-separator\">\n\t\t\t\t\t\t<\/span>\n\t\t<\/div>\n\t\t\t\t<\/div>\n\t\t\t\t<\/div>\n\t\t\t\t\t<\/div>\n\t\t<\/div>\n\t\t\t\t\t\t\t<\/div>\n\t\t<\/section>\n\t\t\t\t<section class=\"elementor-section elementor-top-section elementor-element elementor-element-69885a5 elementor-section-content-middle elementor-section-boxed elementor-section-height-default elementor-section-height-default\" data-id=\"69885a5\" data-element_type=\"section\">\n\t\t\t\t\t\t<div class=\"elementor-container elementor-column-gap-default\">\n\t\t\t\t\t<div class=\"elementor-column elementor-col-100 elementor-top-column elementor-element elementor-element-0ae41af\" data-id=\"0ae41af\" data-element_type=\"column\">\n\t\t\t<div class=\"elementor-widget-wrap elementor-element-populated\">\n\t\t\t\t\t\t\t\t<div class=\"elementor-element elementor-element-96da0c4 elementor-invisible elementor-widget elementor-widget-heading\" data-id=\"96da0c4\" data-element_type=\"widget\" data-settings=\"{&quot;_animation&quot;:&quot;fadeIn&quot;}\" data-widget_type=\"heading.default\">\n\t\t\t\t<div class=\"elementor-widget-container\">\n\t\t\t<h4 class=\"elementor-heading-title elementor-size-default\">Hawaiano masaxe-Hol\u00edstica masaxe e hawaiano Cl\u00e1sico<\/h4>\t\t<\/div>\n\t\t\t\t<\/div>\n\t\t\t\t<div class=\"elementor-element elementor-element-92ca6f6 elementor-widget elementor-widget-text-editor\" data-id=\"92ca6f6\" data-element_type=\"widget\" data-widget_type=\"text-editor.default\">\n\t\t\t\t<div class=\"elementor-widget-container\">\n\t\t\t<style>\/*! elementor - v3.11.5 - 14-03-2023 *\/\n.elementor-widget-text-editor.elementor-drop-cap-view-stacked .elementor-drop-cap{background-color:#818a91;color:#fff}.elementor-widget-text-editor.elementor-drop-cap-view-framed .elementor-drop-cap{color:#818a91;border:3px solid;background-color:transparent}.elementor-widget-text-editor:not(.elementor-drop-cap-view-default) .elementor-drop-cap{margin-top:8px}.elementor-widget-text-editor:not(.elementor-drop-cap-view-default) .elementor-drop-cap-letter{width:1em;height:1em}.elementor-widget-text-editor .elementor-drop-cap{float:left;text-align:center;line-height:1;font-size:50px}.elementor-widget-text-editor .elementor-drop-cap-letter{display:inline-block}<\/style>\t\t\t\t<p>Por milenios, Lomi-Lomi ten representado a arte de cura das illas Hawai. Destinado a revitalizar o aspecto f\u00edsico e a enerx\u00eda do pobo, o Hawaiano masaxe ten como obxectivo a harmon\u00eda (LOKAHI) do corpo e \u00e9 o cami\u00f1o m\u00e1is curto para relaxaci\u00f3n profundo, a trav\u00e9s da que chega a recuperar o contacto co mesmo, o que \u00e9 esencial, coa orixe do ser, na que non \u00e9 a confianza, o amor e a paz.<\/p><p>Desde as s\u00faas orixes, os transportes e masaxe ten unha visi\u00f3n que \u00e9 moi hol\u00edstica do corpo.<\/p><p>A conexi\u00f3n mente-corpo (tan popular na actual terapia) foi desde as s\u00faas orixes, a intenci\u00f3n do hawaiano masaxe. O occidental concepto do corpo como unha gran m\u00e1quina de pezas individuais, que nunca foi parte dos mestres do Lomi-Lomi.<\/p>\t\t\t\t\t\t<\/div>\n\t\t\t\t<\/div>\n\t\t\t\t\t<\/div>\n\t\t<\/div>\n\t\t\t\t\t\t\t<\/div>\n\t\t<\/section>\n\t\t\t\t<section class=\"elementor-section elementor-top-section elementor-element elementor-element-7281053 elementor-section-boxed elementor-section-height-default elementor-section-height-default\" data-id=\"7281053\" data-element_type=\"section\">\n\t\t\t\t\t\t<div class=\"elementor-container elementor-column-gap-default\">\n\t\t\t\t\t<div class=\"elementor-column elementor-col-100 elementor-top-column elementor-element elementor-element-eee6c11\" data-id=\"eee6c11\" data-element_type=\"column\">\n\t\t\t<div class=\"elementor-widget-wrap elementor-element-populated\">\n\t\t\t\t\t\t\t\t<div class=\"elementor-element elementor-element-b662301 elementor-invisible elementor-widget elementor-widget-heading\" data-id=\"b662301\" data-element_type=\"widget\" data-settings=\"{&quot;_animation&quot;:&quot;fadeIn&quot;}\" data-widget_type=\"heading.default\">\n\t\t\t\t<div class=\"elementor-widget-container\">\n\t\t\t<h4 class=\"elementor-heading-title elementor-size-default\">CONTIDO DO CURSO<\/h4>\t\t<\/div>\n\t\t\t\t<\/div>\n\t\t\t\t<div class=\"elementor-element elementor-element-4770ea7 elementor-widget elementor-widget-text-editor\" data-id=\"4770ea7\" data-element_type=\"widget\" data-widget_type=\"text-editor.default\">\n\t\t\t\t<div class=\"elementor-widget-container\">\n\t\t\t\t\t\t\t<ul><li>Historia<\/li><li>Indicaci\u00f3ns<\/li><li>Contra-indicaci\u00f3ns<\/li><li>Aprender sobre os distintos masaxes hawaiano<\/li><li>Aprender e co\u00f1ecer as diferentes masaxe hawaiano<\/li><\/ul>\t\t\t\t\t\t<\/div>\n\t\t\t\t<\/div>\n\t\t\t\t<div class=\"elementor-element elementor-element-3758f35 elementor-widget elementor-widget-spacer\" data-id=\"3758f35\" data-element_type=\"widget\" data-widget_type=\"spacer.default\">\n\t\t\t\t<div class=\"elementor-widget-container\">\n\t\t\t\t\t<div class=\"elementor-spacer\">\n\t\t\t<div class=\"elementor-spacer-inner\"><\/div>\n\t\t<\/div>\n\t\t\t\t<\/div>\n\t\t\t\t<\/div>\n\t\t\t\t\t<\/div>\n\t\t<\/div>\n\t\t\t\t\t\t\t<\/div>\n\t\t<\/section>\n\t\t\t\t\t\t\t<\/div>","protected":false},"excerpt":{"rendered":"<p>MASAJE LOMI-LOMI ( 32 H) Masaje hawaiano Hol\u00edstico y masaje hawaiano Cl\u00e1sico Durante milenios el Lomi-Lomi ha representado el arte curativo de las islas Hawai. Destinado a revitalizar el aspecto f\u00edsico y energ\u00e9tico de las personas, el masaje Hawaiano tiene como objetivo la armon\u00eda (LOKAHI) del cuerpo y es el camino m\u00e1s corto para la [&hellip;]<\/p>","protected":false},"author":2,"featured_media":0,"parent":21,"menu_order":0,"comment_status":"closed","ping_status":"closed","template":"","meta":{"site-sidebar-layout":"no-sidebar","site-content-layout":"page-builder","ast-site-content-layout":"","site-content-style":"default","site-sidebar-style":"default","ast-global-header-display":"","ast-banner-title-visibility":"","ast-main-header-display":"","ast-hfb-above-header-display":"","ast-hfb-below-header-display":"","ast-hfb-mobile-header-display":"","site-post-title":"disabled","ast-breadcrumbs-content":"","ast-featured-img":"disabled","footer-sml-layout":"","theme-transparent-header-meta":"","adv-header-id-meta":"","stick-header-meta":"","header-above-stick-meta":"","header-main-stick-meta":"","header-below-stick-meta":"","astra-migrate-meta-layouts":"default","ast-page-background-enabled":"default","ast-page-background-meta":{"desktop":{"background-color":"var(--ast-global-color-4)","background-image":"","background-repeat":"repeat","background-position":"center center","background-size":"auto","background-attachment":"scroll","background-type":"","background-media":"","overlay-type":"","overlay-color":"","overlay-opacity":"","overlay-gradient":""},"tablet":{"background-color":"","background-image":"","background-repeat":"repeat","background-position":"center center","background-size":"auto","background-attachment":"scroll","background-type":"","background-media":"","overlay-type":"","overlay-color":"","overlay-opacity":"","overlay-gradient":""},"mobile":{"background-color":"","background-image":"","background-repeat":"repeat","background-position":"center center","background-size":"auto","background-attachment":"scroll","background-type":"","background-media":"","overlay-type":"","overlay-color":"","overlay-opacity":"","overlay-gradient":""}},"ast-content-background-meta":{"desktop":{"background-color":"var(--ast-global-color-5)","background-image":"","background-repeat":"repeat","background-position":"center center","background-size":"auto","background-attachment":"scroll","background-type":"","background-media":"","overlay-type":"","overlay-color":"","overlay-opacity":"","overlay-gradient":""},"tablet":{"background-color":"var(--ast-global-color-5)","background-image":"","background-repeat":"repeat","background-position":"center center","background-size":"auto","background-attachment":"scroll","background-type":"","background-media":"","overlay-type":"","overlay-color":"","overlay-opacity":"","overlay-gradient":""},"mobile":{"background-color":"var(--ast-global-color-5)","background-image":"","background-repeat":"repeat","background-position":"center center","background-size":"auto","background-attachment":"scroll","background-type":"","background-media":"","overlay-type":"","overlay-color":"","overlay-opacity":"","overlay-gradient":""}},"footnotes":""},"class_list":["post-1145","page","type-page","status-publish","hentry"],"yoast_head":"<!-- This site is optimized with the Yoast SEO plugin v24.7 - https:\/\/yoast.com\/wordpress\/plugins\/seo\/ -->\n<title>Masaje Lomi-Lomi - Sito Del Valle<\/title>\n<meta name=\"description\" content=\"Centro terap\u00e9utico y Escuela de Terapias Naturales Sito del Valle. Pasi\u00f3n y profesionalidad. %\" \/>\n<meta name=\"robots\" content=\"index, follow, max-snippet:-1, max-image-preview:large, max-video-preview:-1\" \/>\n<link rel=\"canonical\" href=\"https:\/\/sitodelvalle.com\/gl\/cursos\/masaje-lomi-lomi\/\" \/>\n<meta property=\"og:locale\" content=\"gl_ES\" \/>\n<meta property=\"og:type\" content=\"article\" \/>\n<meta property=\"og:title\" content=\"Masaje Lomi-Lomi - Sito Del Valle\" \/>\n<meta property=\"og:description\" content=\"Centro terap\u00e9utico y Escuela de Terapias Naturales Sito del Valle. Pasi\u00f3n y profesionalidad. %\" \/>\n<meta property=\"og:url\" content=\"https:\/\/sitodelvalle.com\/gl\/cursos\/masaje-lomi-lomi\/\" \/>\n<meta property=\"og:site_name\" content=\"Sito Del Valle\" \/>\n<meta property=\"article:modified_time\" content=\"2022-09-13T07:17:38+00:00\" \/>\n<meta name=\"twitter:card\" content=\"summary_large_image\" \/>\n<meta name=\"twitter:label1\" content=\"Tempo de lectura\" \/>\n\t<meta name=\"twitter:data1\" content=\"1 minuto\" \/>\n<script type=\"application\/ld+json\" class=\"yoast-schema-graph\">{\"@context\":\"https:\/\/schema.org\",\"@graph\":[{\"@type\":\"WebPage\",\"@id\":\"https:\/\/sitodelvalle.com\/cursos\/masaje-lomi-lomi\/\",\"url\":\"https:\/\/sitodelvalle.com\/cursos\/masaje-lomi-lomi\/\",\"name\":\"Masaje Lomi-Lomi - Sito Del Valle\",\"isPartOf\":{\"@id\":\"https:\/\/sitodelvalle.com\/#website\"},\"datePublished\":\"2022-08-22T10:39:02+00:00\",\"dateModified\":\"2022-09-13T07:17:38+00:00\",\"description\":\"Centro terap\u00e9utico y Escuela de Terapias Naturales Sito del Valle. Pasi\u00f3n y profesionalidad. %\",\"breadcrumb\":{\"@id\":\"https:\/\/sitodelvalle.com\/cursos\/masaje-lomi-lomi\/#breadcrumb\"},\"inLanguage\":\"gl-ES\",\"potentialAction\":[{\"@type\":\"ReadAction\",\"target\":[\"https:\/\/sitodelvalle.com\/cursos\/masaje-lomi-lomi\/\"]}]},{\"@type\":\"BreadcrumbList\",\"@id\":\"https:\/\/sitodelvalle.com\/cursos\/masaje-lomi-lomi\/#breadcrumb\",\"itemListElement\":[{\"@type\":\"ListItem\",\"position\":1,\"name\":\"Portada\",\"item\":\"https:\/\/sitodelvalle.com\/\"},{\"@type\":\"ListItem\",\"position\":2,\"name\":\"Cursos\",\"item\":\"https:\/\/sitodelvalle.com\/cursos\/\"},{\"@type\":\"ListItem\",\"position\":3,\"name\":\"Masaje Lomi-Lomi\"}]},{\"@type\":\"WebSite\",\"@id\":\"https:\/\/sitodelvalle.com\/#website\",\"url\":\"https:\/\/sitodelvalle.com\/\",\"name\":\"Sito Del Valle\",\"description\":\"Centro terap\u00e9utico y Escuela de Terapias Naturales Sito del Valle. Pasi\u00f3n y profesionalidad.\",\"publisher\":{\"@id\":\"https:\/\/sitodelvalle.com\/#organization\"},\"potentialAction\":[{\"@type\":\"SearchAction\",\"target\":{\"@type\":\"EntryPoint\",\"urlTemplate\":\"https:\/\/sitodelvalle.com\/?s={search_term_string}\"},\"query-input\":{\"@type\":\"PropertyValueSpecification\",\"valueRequired\":true,\"valueName\":\"search_term_string\"}}],\"inLanguage\":\"gl-ES\"},{\"@type\":\"Organization\",\"@id\":\"https:\/\/sitodelvalle.com\/#organization\",\"name\":\"Sito del Valle\",\"url\":\"https:\/\/sitodelvalle.com\/\",\"logo\":{\"@type\":\"ImageObject\",\"inLanguage\":\"gl-ES\",\"@id\":\"https:\/\/sitodelvalle.com\/#\/schema\/logo\/image\/\",\"url\":\"https:\/\/sitodelvalle.com\/wp-content\/uploads\/2022\/08\/cropped-logo-ancho.png\",\"contentUrl\":\"https:\/\/sitodelvalle.com\/wp-content\/uploads\/2022\/08\/cropped-logo-ancho.png\",\"width\":512,\"height\":512,\"caption\":\"Sito del Valle\"},\"image\":{\"@id\":\"https:\/\/sitodelvalle.com\/#\/schema\/logo\/image\/\"}}]}<\/script>\n<!-- \/ Yoast SEO plugin. -->","yoast_head_json":{"title":"Masaje Lomi-Lomi - Sito Del Valle","description":"Centro terap\u00e9utico y Escuela de Terapias Naturales Sito del Valle. Pasi\u00f3n y profesionalidad. %","robots":{"index":"index","follow":"follow","max-snippet":"max-snippet:-1","max-image-preview":"max-image-preview:large","max-video-preview":"max-video-preview:-1"},"canonical":"https:\/\/sitodelvalle.com\/gl\/cursos\/masaje-lomi-lomi\/","og_locale":"gl_ES","og_type":"article","og_title":"Masaje Lomi-Lomi - Sito Del Valle","og_description":"Centro terap\u00e9utico y Escuela de Terapias Naturales Sito del Valle. Pasi\u00f3n y profesionalidad. %","og_url":"https:\/\/sitodelvalle.com\/gl\/cursos\/masaje-lomi-lomi\/","og_site_name":"Sito Del Valle","article_modified_time":"2022-09-13T07:17:38+00:00","twitter_card":"summary_large_image","twitter_misc":{"Tempo de lectura":"1 minuto"},"schema":{"@context":"https:\/\/schema.org","@graph":[{"@type":"WebPage","@id":"https:\/\/sitodelvalle.com\/cursos\/masaje-lomi-lomi\/","url":"https:\/\/sitodelvalle.com\/cursos\/masaje-lomi-lomi\/","name":"Masaje Lomi-Lomi - Sito Del Valle","isPartOf":{"@id":"https:\/\/sitodelvalle.com\/#website"},"datePublished":"2022-08-22T10:39:02+00:00","dateModified":"2022-09-13T07:17:38+00:00","description":"Centro terap\u00e9utico y Escuela de Terapias Naturales Sito del Valle. Pasi\u00f3n y profesionalidad. %","breadcrumb":{"@id":"https:\/\/sitodelvalle.com\/cursos\/masaje-lomi-lomi\/#breadcrumb"},"inLanguage":"gl-ES","potentialAction":[{"@type":"ReadAction","target":["https:\/\/sitodelvalle.com\/cursos\/masaje-lomi-lomi\/"]}]},{"@type":"BreadcrumbList","@id":"https:\/\/sitodelvalle.com\/cursos\/masaje-lomi-lomi\/#breadcrumb","itemListElement":[{"@type":"ListItem","position":1,"name":"Portada","item":"https:\/\/sitodelvalle.com\/"},{"@type":"ListItem","position":2,"name":"Cursos","item":"https:\/\/sitodelvalle.com\/cursos\/"},{"@type":"ListItem","position":3,"name":"Masaje Lomi-Lomi"}]},{"@type":"WebSite","@id":"https:\/\/sitodelvalle.com\/#website","url":"https:\/\/sitodelvalle.com\/","name":"Sito Del Valle","description":"Centro terap\u00e9utico y Escuela de Terapias Naturales Sito del Valle. Pasi\u00f3n y profesionalidad.","publisher":{"@id":"https:\/\/sitodelvalle.com\/#organization"},"potentialAction":[{"@type":"SearchAction","target":{"@type":"EntryPoint","urlTemplate":"https:\/\/sitodelvalle.com\/?s={search_term_string}"},"query-input":{"@type":"PropertyValueSpecification","valueRequired":true,"valueName":"search_term_string"}}],"inLanguage":"gl-ES"},{"@type":"Organization","@id":"https:\/\/sitodelvalle.com\/#organization","name":"Sito del Valle","url":"https:\/\/sitodelvalle.com\/","logo":{"@type":"ImageObject","inLanguage":"gl-ES","@id":"https:\/\/sitodelvalle.com\/#\/schema\/logo\/image\/","url":"https:\/\/sitodelvalle.com\/wp-content\/uploads\/2022\/08\/cropped-logo-ancho.png","contentUrl":"https:\/\/sitodelvalle.com\/wp-content\/uploads\/2022\/08\/cropped-logo-ancho.png","width":512,"height":512,"caption":"Sito del Valle"},"image":{"@id":"https:\/\/sitodelvalle.com\/#\/schema\/logo\/image\/"}}]}},"_links":{"self":[{"href":"https:\/\/sitodelvalle.com\/gl\/wp-json\/wp\/v2\/pages\/1145","targetHints":{"allow":["GET"]}}],"collection":[{"href":"https:\/\/sitodelvalle.com\/gl\/wp-json\/wp\/v2\/pages"}],"about":[{"href":"https:\/\/sitodelvalle.com\/gl\/wp-json\/wp\/v2\/types\/page"}],"author":[{"embeddable":true,"href":"https:\/\/sitodelvalle.com\/gl\/wp-json\/wp\/v2\/users\/2"}],"replies":[{"embeddable":true,"href":"https:\/\/sitodelvalle.com\/gl\/wp-json\/wp\/v2\/comments?post=1145"}],"version-history":[{"count":25,"href":"https:\/\/sitodelvalle.com\/gl\/wp-json\/wp\/v2\/pages\/1145\/revisions"}],"predecessor-version":[{"id":3333,"href":"https:\/\/sitodelvalle.com\/gl\/wp-json\/wp\/v2\/pages\/1145\/revisions\/3333"}],"up":[{"embeddable":true,"href":"https:\/\/sitodelvalle.com\/gl\/wp-json\/wp\/v2\/pages\/21"}],"wp:attachment":[{"href":"https:\/\/sitodelvalle.com\/gl\/wp-json\/wp\/v2\/media?parent=1145"}],"curies":[{"name":"wp","href":"https:\/\/api.w.org\/{rel}","templated":true}]}}